{"id":416,"date":"2020-10-07T15:50:22","date_gmt":"2020-10-07T13:50:22","guid":{"rendered":"https:\/\/www.falcotex.com\/privacy-policy\/"},"modified":"2025-05-28T15:25:38","modified_gmt":"2025-05-28T13:25:38","slug":"privacy-policy","status":"publish","type":"page","link":"https:\/\/www.falcotex.com\/it\/privacy-policy\/","title":{"rendered":"Privacy policy"},"content":{"rendered":"<h4><strong>Informazioni fornite ai sensi dell\u2019Art.13 del Reg.UE 2016\/679 (di seguito GDPR)<\/strong><\/h4>\n<h4>Informazioni di carattere generale<\/h4>\n<p>Si informano gli interessati (ex. Art.4, c.1 del GDPR) dei seguenti profili generali, validi per tutti gli ambiti del trattamento:<\/p>\n<ul>\n<li>tutti i dati sono trattati in modo lecito, corretto e trasparente nei confronti dell\u2019interessato, nel rispetto dei principi generali previsti dall\u2019Art.5 del GDPR;<\/li>\n<li>specifiche misure di sicurezza sono osservate per prevenire la perdita dei dati, usi illeciti, o non corretti ed accessi non autorizzati.<\/li>\n<\/ul>\n<h4>Riferimenti e diritti degli interessati<\/h4>\n<ul>\n<li>il Titolare del Trattamento \u00e8 la scrivente Societ\u00e0 Falcotex s.r.l., in persona del legale rappresentante pro-tempore, al quale \u00e8 possibile rivolgersi per esercitare tutti i diritti previsti dagli art.15-21 del GDPR (diritto di accesso, di rettifica, di cancellazione, di limitazione, di portabilit\u00e0, di opposizione), nonch\u00e9 revocare un consenso precedentemente accordato; in caso di mancato riscontro alle loro richieste gli interessati possono proporre un reclamo all\u2019Autorit\u00e0 di controllo per la protezione dei dati personali (GDPR \u2013 Art.13, comma2, lettera d).<\/li>\n<\/ul>\n<h4>Dati di contatto del Titolare<\/h4>\n<p>Indirizzo: Via Artigianale, 18 \u2013 25020 \u2013 CIGNANO DI OFFLAGA (BS) Italy<\/p>\n<p>Tel: (+39) 030-979886 \u2013 Email: <a title=\"info@falcotex.com\" href=\"mailto:info@falcotex.com\">info@falcotex.com<\/a>.<\/p>\n<h4>Dati di navigazione<\/h4>\n<p>I sistemi informatici e le procedure software preposte al funzionamento di questo sito web acquisiscono, nel corso del loro normale esercizio, alcuni dati personali la cui trasmissione \u00e8 implicita nell\u2019uso dei protocolli di comunicazione di Internet. Si tratta di informazioni che non sono raccolte per essere associate a interessati identificati, ma che per loro stessa natura potrebbero, attraverso elaborazioni ed associazioni con dati detenuti da terzi, permettere di identificare gli utenti.In questa categoria di dati rientrano gli indirizzi IP o i nomi a dominio dei computer utilizzati dagli utenti che si connettono al sito, gli indirizzi in notazione URI (Uniform Resource Identifier) delle risorse richieste, l\u2019orario della richiesta, il metodo utilizzato nel sottoporre la richiesta al server, la dimensione del file ottenuto in risposta, il codice numerico indicante lo stato della risposta data dal server (buon fine, errore, ecc.) ed altri parametri relativi al sistema operativo e all\u2019ambiente informatico dell\u2019utente.<\/p>\n<div class=\"table-responsive wprt_style_display\" style=\"overflow-x: auto;\">\n<table class=\"table table-bordered\">\n<tbody>\n<tr>\n<td><strong>Finalit\u00e0 e base giuridica del trattamento<\/strong><br \/>\n(GDPR-Art.13, comma 1, lett.c)<\/td>\n<td>Questi dati vengono utilizzati al solo fine di ricavare informazioni statistiche sull\u2019uso del sito e per controllarne il corretto funzionamento. I dati potrebbero inoltre essere utilizzati per l\u2019accertamento di responsabilit\u00e0 in caso di ipotetici reati informatici ai danni del sito (legittimi interessi del titolare).<\/td>\n<\/tr>\n<tr>\n<td><strong>Ambito di comunicazione<\/strong><br \/>\n(GDPR-Art.13, comma 1, lett.e,f)<\/td>\n<td>I dati possono essere trattati esclusivamente da personale interno, regolarmente autorizzato ed istruito al trattamento (GDPR-Art.29) oppure da eventuali soggettipreposti alla manutenzione della piattaforma web (nominati in tal caso responsabili esterni) e non saranno comunicati adaltri soggetti, diffusi o trasferiti in paesi extra-UE. Solamente in caso di indagine potranno essere messi a disposizione delle autorit\u00e0 competenti.<\/td>\n<\/tr>\n<tr>\n<td><strong>Periodo di conservazione dei dati<\/strong><br \/>\n(GDPR-Art.13, comma 2, lett.a)<\/td>\n<td>I dati sono di norma conservati per brevi periodi di tempo, ad eccezione di eventuali prolungamenti connessi ad attivit\u00e0 di indagine.<\/td>\n<\/tr>\n<tr>\n<td><strong>Conferimento<\/strong><br \/>\n(GDPR-Art.13, comma 2, lett.f) I dati non sono conferiti dall\u2019interessato ma acquisiti automaticamente dai sistemi tecnologici del sito.<\/td>\n<td>I dati non sono conferiti dall\u2019interessato ma acquisiti automaticamente dai sistemi tecnologici del sito.<\/td>\n<\/tr>\n<\/tbody>\n<\/table>\n<\/div>\n<h4>Cookies<\/h4>\n<p><strong>Cosa sono i cookies<\/strong>: I cookie sono brevi frammenti di testo (lettere e\/o numeri) che permettono al server web di memorizzare sul client (il browser) informazioni da riutilizzare nel corso della medesima visita al sito (cookie di sessione) o in seguito, anche a distanza di giorni (cookie persistenti). I cookie vengono memorizzati, in base alle preferenze dell\u2019utente, dal singolo browser sullo specifico dispositivo utilizzato (computer, tablet, smartphone). Tecnologie similari, come, ad esempio, web beacon, GIF trasparenti e tutte le forme di storage locale introdotte con HTML5, sono utilizzabili per raccogliere informazioni sul comportamento dell\u2019utente e sull\u2019utilizzo dei servizi. Nel seguito di questa informativa faremo riferimento ai cookie e a tutte le tecnologie similari utilizzando semplicemente il termine \u201ccookie\u201d.<\/p>\n<h4>Possibili tipologie di cookies di prima parte e modalit\u00e0 di gestione delle preferenze<\/h4>\n<div class=\"table-responsive wprt_style_display\" style=\"overflow-x: auto;\">\n<table class=\"table table-bordered\">\n<tbody>\n<tr>\n<th>CATEGORIA<\/th>\n<th>FINALIT\u00c0<\/th>\n<th>GESTIONE DELLE PREFERENZE<\/th>\n<\/tr>\n<tr>\n<td><strong>Tecnici di navigazione o di sessione<\/strong><\/td>\n<td>Garantire la normale navigazione e fruizione del sito<\/td>\n<td rowspan=\"4\">Tramite i principali browser di navigazione \u00e8 possibile:<\/p>\n<ul>\n<li>Bloccare di default la ricezione di tutte (o alcune) tipologie di cookies<\/li>\n<li>Visualizzare l\u2019elenco analitico dei cookies utilizzati<\/li>\n<li>Rimuovere tutti o alcuni dei cookies installati<\/li>\n<\/ul>\n<p>Per informazioni sul settaggio dei singoli browser vedi specifico paragrafo. Si segnala che il blocco o la cancellazione di cookies potrebbe compromettere la navigabilit\u00e0 del sito.<\/td>\n<\/tr>\n<tr>\n<td><strong>Tecnici analitici<\/strong><\/td>\n<td>Raccogliere informazioni sul numero dei visitatori e sulle pagine visualizzate<\/td>\n<\/tr>\n<tr>\n<td><strong>Tecnici di funzionalit\u00e0<\/strong><\/td>\n<td>Permettere la navigazione in funzione di una serie di criteri selezionati<\/td>\n<\/tr>\n<tr>\n<td><strong>Di profilazione<\/strong><\/td>\n<td>Creare profili relativi all\u2019utente al fine di inviare messaggi pubblicitari in linea con le preferenze<\/td>\n<\/tr>\n<\/tbody>\n<\/table>\n<\/div>\n<p>Il sito potrebbe contenere link a siti terzi e cookies di terze parti; per maggiori informazioni vi invitiamo a visionare privacy policy degli eventuali siti linkati.<\/p>\n<h4>Gestione delle preferenze tramite i principali browser di navigazione<\/h4>\n<p>L\u2019utente pu\u00f2 decidere se accettare o meno i cookie utilizzando le impostazioni del proprio browser (segnaliamo che, di default, quasi tutti i browser web sono impostati per accettare automaticamente i cookie). L\u2019impostazione pu\u00f2 essere modificata e definita in modo specifico per i diversi siti e applicazioni web. Inoltre i migliori browser consentono di definire impostazioni diverse per i cookie \u201cproprietari\u201d e per quelli di \u201cterze parti\u201d. Solitamente, la configurazione dei cookie \u00e8 effettuata dal menu \u201cPreferenze\u201d, \u201cStrumenti\u201d o \u201cOpzioni\u201d.<\/p>\n<p>Si riportano di seguito i link alle guide per le gestione dei cookie dei principali browser:<\/p>\n<ul>\n<li>Internet Explorer: <a href=\"http:\/\/support.microsoft.com\/kb\/278835\" target=\"_blank\" rel=\"noopener noreferrer\">http:\/\/support.microsoft.com\/kb\/278835<\/a><\/li>\n<li>Internet Explorer [versione mobile]: <a href=\"http:\/\/www.windowsphone.com\/en-us\/how-to\/wp7\/web\/changing-privacy-and-other-browser-settings\" target=\"_blank\" rel=\"noopener noreferrer\">http:\/\/www.windowsphone.com\/en-us\/how-to\/wp7\/web\/changing-privacy-and-other-browser-settings<\/a><\/li>\n<li>Chrome: <a href=\"http:\/\/support.google.com\/chrome\/bin\/answer.py?hl=en-GB&amp;answer=95647\" target=\"_blank\" rel=\"noopener noreferrer\">http:\/\/support.google.com\/chrome\/bin\/answer.py?hl=en-GB&amp;answer=95647<\/a><\/li>\n<li>Safari: <a href=\"http:\/\/docs.info.apple.com\/article.html?path=Safari\/5.0\/en\/9277.html\" target=\"_blank\" rel=\"noopener noreferrer\">http:\/\/docs.info.apple.com\/article.html?path=Safari\/5.0\/en\/9277.html<\/a><\/li>\n<li>Safari [versione mobile]: <a href=\"http:\/\/support.apple.com\/kb\/HT1677\" target=\"_blank\" rel=\"noopener noreferrer\">http:\/\/support.apple.com\/kb\/HT1677<\/a><\/li>\n<li>Firefox: <a href=\"http:\/\/support.mozilla.org\/en-US\/kb\/Enabling%20and%20disabling%20cookies\" target=\"_blank\" rel=\"noopener noreferrer\">http:\/\/support.mozilla.org\/en-US\/kb\/Enabling%20and%20disabling%20cookies<\/a><\/li>\n<li>Android: <a href=\"https:\/\/support.google.com\/accounts\/answer\/61416?co=GENIE.Platform%3DAndroid&amp;hl=en\" target=\"_blank\" rel=\"noopener noreferrer\">https:\/\/support.google.com\/accounts\/answer\/61416?co=GENIE.Platform%3DAndroid&amp;hl=en<\/a><\/li>\n<li>Opera: <a href=\"http:\/\/help.opera.com\/opera\/Windows\/1781\/it\/controlPages.html#manageCookies\" target=\"_blank\" rel=\"noopener noreferrer\">http:\/\/help.opera.com\/opera\/Windows\/1781\/it\/controlPages.html#manageCookies<\/a><\/li>\n<\/ul>\n<h4>Ulteriori informazioni<\/h4>\n<ul>\n<li><a href=\"http:\/\/www.allaboutcookies.org\/\" target=\"_blank\" rel=\"noopener noreferrer\">www.allaboutcookies.org<\/a> (per maggiori informazioni sulle tecnologie cookies e sul loro funzionamento)<\/li>\n<li><a href=\"http:\/\/www.youronlinechoices.com\/it\/a-proposito\" target=\"_blank\" rel=\"noopener noreferrer\">www.youronlinechoices.com\/it\/a-proposito<\/a> (consente agli utenti di opporsi all\u2019installazione dei principali cookie di profilazione)<\/li>\n<li><a href=\"http:\/\/www.garanteprivacy.it\/cookie\" target=\"_blank\" rel=\"noopener noreferrer\">www.garanteprivacy.it\/cookie<\/a> (raccolta dei principali interventi normativi in materia da parte dell\u2019Autorit\u00e0 Garante Italiana)<\/li>\n<\/ul>\n<p>Per maggiori informazioni o per esercitare i diritti di cui agli Articoli, da 15 a 22, del Regolamento Privacy Europeo n. 679\/16 \u00e8 possibile contattare il Titolare del trattamento utilizzando i contatti presenti sul sito internet.<\/p>\n<h4>Servizi specifici<\/h4>\n<p>Il sito potrebbe contenere form di raccolta dati finalizzati a garantire al navigatore eventuali servizi\/funzionalit\u00e0 (es: richiedi informazioni, registrazioni, ecc.).<\/p>\n<div class=\"table-responsive wprt_style_display\" style=\"overflow-x: auto;\">\n<table class=\"table table-bordered\">\n<tbody>\n<tr>\n<td><strong>Finalit\u00e0 e base giuridica del trattamento<\/strong><br \/>\n(GDPR-Art.13, comma 1, lett.c)<\/td>\n<td>Vengono richiesti i dati identificativi e di contatto necessari per poter rispondere alle richieste degli interessati. L\u2019invio della richiesta \u00e8 subordinata specifico, libero ed informato consenso (GDPR-Art.6, comma1, lett.a).<\/td>\n<\/tr>\n<tr>\n<td><strong>Ambito di comunicazione<\/strong><br \/>\n(GDPR-Art.13, comma 1, lett.e,f)<\/td>\n<td>I dati sono trattati esclusivamente da personale regolarmente autorizzato ed istruito al trattamento (GDPR-Art.29) oppure da eventuali soggetti preposti alla manutenzione della piattaforma web o all\u2019erogazione del servizio (nominati in tal caso responsabili esterni).I dati non saranno diffusi o trasferiti in paesi extra-UE.<\/td>\n<\/tr>\n<tr>\n<td><strong>Periodo di conservazione dei dati<\/strong><br \/>\n(GDPR-Art.13, comma 2, lett.a)<\/td>\n<td>I dati sono conservati per tempi compatibili con la finalit\u00e0 della raccolta.<\/td>\n<\/tr>\n<tr>\n<td><strong>Conferimento<\/strong><br \/>\n(GDPR-Art.13, comma 2, lett.f) I dati non sono conferiti dall\u2019interessato ma acquisiti automaticamente dai sistemi tecnologici del sito.<\/td>\n<td>Il conferimento dei dati riferiti ai campi obbligatori \u00e8 necessario per poter ottenere una risposta, mentre i campi facoltativi sono finalizzati a fornire allo staff ulteriori elementi utili ad agevolare il contatto.<\/td>\n<\/tr>\n<\/tbody>\n<\/table>\n<\/div>\n<h4>Dati forniti volontariamente dall\u2019utente<\/h4>\n<p>L\u2019invio facoltativo, esplicito e volontario di posta elettronica e\/o ordinaria agli indirizzi indicati su questo sito comporta la successiva acquisizione dell\u2019indirizzo del mittente, necessario per rispondere alle richieste, nonch\u00e9 degli eventuali altri dati personali inseriti nella missiva. Qualora il mittente inviasse il proprio curriculum per sottoporre la propria candidatura professionale, esso rimane l\u2019unico responsabile della pertinenza ed esattezza dei dati inviati. Si segnala che eventuali curriculum sprovvisti dell\u2019autorizzazione al trattamento dei dati saranno immediatamente cancellati.<\/p>\n<h4>Aggiornamento della Policy<\/h4>\n<p>Si segnala che la presente informativa pu\u00f2 essere oggetto di revisione periodica, anche in relazione alla normativa ed alla giurisprudenza di riferimento. In caso di variazioni significative verr\u00e0 data, per un tempo congruo, opportuna evidenza in home-page del sito. Si invita comunque l\u2019interessato a consultare periodicamente la presente policy.<\/p>\n","protected":false},"excerpt":{"rendered":"<p>Informazioni fornite ai sensi dell\u2019Art.13 del Reg.UE 2016\/679 (di seguito GDPR) Informazioni di carattere generale Si informano gli interessati (ex. Art.4, c.1 del GDPR) dei seguenti profili generali, validi per tutti gli ambiti del trattamento: tutti i dati sono trattati in modo lecito, corretto e trasparente nei confronti dell\u2019interessato, nel rispetto dei principi generali previsti&#8230;<\/p>\n","protected":false},"author":1,"featured_media":0,"parent":0,"menu_order":0,"comment_status":"closed","ping_status":"closed","template":"","meta":{"_acf_changed":false,"footnotes":""},"class_list":["post-416","page","type-page","status-publish","hentry"],"acf":[],"yoast_head":"<!-- This site is optimized with the Yoast SEO plugin v25.2 - https:\/\/yoast.com\/wordpress\/plugins\/seo\/ -->\n<title>Informativa privacy | Falcotex<\/title>\n<meta name=\"description\" content=\"In questa pagina potete visionare l&#039;informativa privacy del sito Falcotex. Per ulteriori informazioni non esitate a contattarci.\" \/>\n<meta name=\"robots\" content=\"index, follow, max-snippet:-1, max-image-preview:large, max-video-preview:-1\" \/>\n<link rel=\"canonical\" href=\"https:\/\/www.falcotex.com\/it\/privacy-policy\/\" \/>\n<meta property=\"og:locale\" content=\"it_IT\" \/>\n<meta property=\"og:type\" content=\"article\" \/>\n<meta property=\"og:title\" content=\"Informativa privacy | Falcotex\" \/>\n<meta property=\"og:description\" content=\"In questa pagina potete visionare l&#039;informativa privacy del sito Falcotex. Per ulteriori informazioni non esitate a contattarci.\" \/>\n<meta property=\"og:url\" content=\"https:\/\/www.falcotex.com\/it\/privacy-policy\/\" \/>\n<meta property=\"og:site_name\" content=\"Falcotex\" \/>\n<meta property=\"article:modified_time\" content=\"2025-05-28T13:25:38+00:00\" \/>\n<meta name=\"twitter:card\" content=\"summary_large_image\" \/>\n<meta name=\"twitter:label1\" content=\"Tempo di lettura stimato\" \/>\n\t<meta name=\"twitter:data1\" content=\"7 minuti\" \/>\n<script type=\"application\/ld+json\" class=\"yoast-schema-graph\">{\"@context\":\"https:\/\/schema.org\",\"@graph\":[{\"@type\":\"WebPage\",\"@id\":\"https:\/\/www.falcotex.com\/it\/privacy-policy\/\",\"url\":\"https:\/\/www.falcotex.com\/it\/privacy-policy\/\",\"name\":\"Informativa privacy | Falcotex\",\"isPartOf\":{\"@id\":\"https:\/\/www.falcotex.com\/it\/#website\"},\"datePublished\":\"2020-10-07T13:50:22+00:00\",\"dateModified\":\"2025-05-28T13:25:38+00:00\",\"description\":\"In questa pagina potete visionare l'informativa privacy del sito Falcotex. Per ulteriori informazioni non esitate a contattarci.\",\"breadcrumb\":{\"@id\":\"https:\/\/www.falcotex.com\/it\/privacy-policy\/#breadcrumb\"},\"inLanguage\":\"it-IT\",\"potentialAction\":[{\"@type\":\"ReadAction\",\"target\":[\"https:\/\/www.falcotex.com\/it\/privacy-policy\/\"]}]},{\"@type\":\"BreadcrumbList\",\"@id\":\"https:\/\/www.falcotex.com\/it\/privacy-policy\/#breadcrumb\",\"itemListElement\":[{\"@type\":\"ListItem\",\"position\":1,\"name\":\"Home\",\"item\":\"https:\/\/www.falcotex.com\/it\/\"},{\"@type\":\"ListItem\",\"position\":2,\"name\":\"Privacy policy\"}]},{\"@type\":\"WebSite\",\"@id\":\"https:\/\/www.falcotex.com\/it\/#website\",\"url\":\"https:\/\/www.falcotex.com\/it\/\",\"name\":\"Falcotex\",\"description\":\"\",\"publisher\":{\"@id\":\"https:\/\/www.falcotex.com\/it\/#organization\"},\"potentialAction\":[{\"@type\":\"SearchAction\",\"target\":{\"@type\":\"EntryPoint\",\"urlTemplate\":\"https:\/\/www.falcotex.com\/it\/?s={search_term_string}\"},\"query-input\":{\"@type\":\"PropertyValueSpecification\",\"valueRequired\":true,\"valueName\":\"search_term_string\"}}],\"inLanguage\":\"it-IT\"},{\"@type\":\"Organization\",\"@id\":\"https:\/\/www.falcotex.com\/it\/#organization\",\"name\":\"Falcotex\",\"url\":\"https:\/\/www.falcotex.com\/it\/\",\"logo\":{\"@type\":\"ImageObject\",\"inLanguage\":\"it-IT\",\"@id\":\"https:\/\/www.falcotex.com\/it\/#\/schema\/logo\/image\/\",\"url\":\"https:\/\/www.falcotex.com\/wp-content\/uploads\/2025\/05\/Logo-Falcotex_nero.webp\",\"contentUrl\":\"https:\/\/www.falcotex.com\/wp-content\/uploads\/2025\/05\/Logo-Falcotex_nero.webp\",\"width\":223,\"height\":50,\"caption\":\"Falcotex\"},\"image\":{\"@id\":\"https:\/\/www.falcotex.com\/it\/#\/schema\/logo\/image\/\"}}]}<\/script>\n<!-- \/ Yoast SEO plugin. -->","yoast_head_json":{"title":"Informativa privacy | Falcotex","description":"In questa pagina potete visionare l'informativa privacy del sito Falcotex. Per ulteriori informazioni non esitate a contattarci.","robots":{"index":"index","follow":"follow","max-snippet":"max-snippet:-1","max-image-preview":"max-image-preview:large","max-video-preview":"max-video-preview:-1"},"canonical":"https:\/\/www.falcotex.com\/it\/privacy-policy\/","og_locale":"it_IT","og_type":"article","og_title":"Informativa privacy | Falcotex","og_description":"In questa pagina potete visionare l'informativa privacy del sito Falcotex. Per ulteriori informazioni non esitate a contattarci.","og_url":"https:\/\/www.falcotex.com\/it\/privacy-policy\/","og_site_name":"Falcotex","article_modified_time":"2025-05-28T13:25:38+00:00","twitter_card":"summary_large_image","twitter_misc":{"Tempo di lettura stimato":"7 minuti"},"schema":{"@context":"https:\/\/schema.org","@graph":[{"@type":"WebPage","@id":"https:\/\/www.falcotex.com\/it\/privacy-policy\/","url":"https:\/\/www.falcotex.com\/it\/privacy-policy\/","name":"Informativa privacy | Falcotex","isPartOf":{"@id":"https:\/\/www.falcotex.com\/it\/#website"},"datePublished":"2020-10-07T13:50:22+00:00","dateModified":"2025-05-28T13:25:38+00:00","description":"In questa pagina potete visionare l'informativa privacy del sito Falcotex. Per ulteriori informazioni non esitate a contattarci.","breadcrumb":{"@id":"https:\/\/www.falcotex.com\/it\/privacy-policy\/#breadcrumb"},"inLanguage":"it-IT","potentialAction":[{"@type":"ReadAction","target":["https:\/\/www.falcotex.com\/it\/privacy-policy\/"]}]},{"@type":"BreadcrumbList","@id":"https:\/\/www.falcotex.com\/it\/privacy-policy\/#breadcrumb","itemListElement":[{"@type":"ListItem","position":1,"name":"Home","item":"https:\/\/www.falcotex.com\/it\/"},{"@type":"ListItem","position":2,"name":"Privacy policy"}]},{"@type":"WebSite","@id":"https:\/\/www.falcotex.com\/it\/#website","url":"https:\/\/www.falcotex.com\/it\/","name":"Falcotex","description":"","publisher":{"@id":"https:\/\/www.falcotex.com\/it\/#organization"},"potentialAction":[{"@type":"SearchAction","target":{"@type":"EntryPoint","urlTemplate":"https:\/\/www.falcotex.com\/it\/?s={search_term_string}"},"query-input":{"@type":"PropertyValueSpecification","valueRequired":true,"valueName":"search_term_string"}}],"inLanguage":"it-IT"},{"@type":"Organization","@id":"https:\/\/www.falcotex.com\/it\/#organization","name":"Falcotex","url":"https:\/\/www.falcotex.com\/it\/","logo":{"@type":"ImageObject","inLanguage":"it-IT","@id":"https:\/\/www.falcotex.com\/it\/#\/schema\/logo\/image\/","url":"https:\/\/www.falcotex.com\/wp-content\/uploads\/2025\/05\/Logo-Falcotex_nero.webp","contentUrl":"https:\/\/www.falcotex.com\/wp-content\/uploads\/2025\/05\/Logo-Falcotex_nero.webp","width":223,"height":50,"caption":"Falcotex"},"image":{"@id":"https:\/\/www.falcotex.com\/it\/#\/schema\/logo\/image\/"}}]}},"_links":{"self":[{"href":"https:\/\/www.falcotex.com\/it\/wp-json\/wp\/v2\/pages\/416","targetHints":{"allow":["GET"]}}],"collection":[{"href":"https:\/\/www.falcotex.com\/it\/wp-json\/wp\/v2\/pages"}],"about":[{"href":"https:\/\/www.falcotex.com\/it\/wp-json\/wp\/v2\/types\/page"}],"author":[{"embeddable":true,"href":"https:\/\/www.falcotex.com\/it\/wp-json\/wp\/v2\/users\/1"}],"replies":[{"embeddable":true,"href":"https:\/\/www.falcotex.com\/it\/wp-json\/wp\/v2\/comments?post=416"}],"version-history":[{"count":4,"href":"https:\/\/www.falcotex.com\/it\/wp-json\/wp\/v2\/pages\/416\/revisions"}],"predecessor-version":[{"id":578,"href":"https:\/\/www.falcotex.com\/it\/wp-json\/wp\/v2\/pages\/416\/revisions\/578"}],"wp:attachment":[{"href":"https:\/\/www.falcotex.com\/it\/wp-json\/wp\/v2\/media?parent=416"}],"curies":[{"name":"wp","href":"https:\/\/api.w.org\/{rel}","templated":true}]}}