{"id":584,"date":"2026-03-05T12:07:56","date_gmt":"2026-03-05T11:07:56","guid":{"rendered":"https:\/\/www.falcotex.com\/?page_id=584"},"modified":"2026-03-05T12:07:56","modified_gmt":"2026-03-05T11:07:56","slug":"compliance","status":"publish","type":"page","link":"https:\/\/www.falcotex.com\/it\/compliance\/","title":{"rendered":"Compliance"},"content":{"rendered":"<section class=\"l-section wpb_row us_custom_0c8b2219 height_large color_alternate\" id=\"intro-audit\"><div class=\"l-section-overlay\" style=\"background:rgba(0,0,0,0.5)\"><\/div><div class=\"l-section-h i-cf\"><div class=\"g-cols vc_row via_grid cols_1 laptops-cols_inherit tablets-cols_inherit mobiles-cols_1 valign_top type_default stacking_default\"><div class=\"wpb_column vc_column_container\"><div class=\"vc_column-inner\"><h1 class=\"w-post-elm post_title entry-title color_link_inherit\">Compliance<\/h1><\/div><\/div><\/div><\/div><\/section><section class=\"l-section wpb_row height_medium color_secondary\"><div class=\"l-section-h i-cf\"><div class=\"g-cols vc_row via_grid cols_1 laptops-cols_inherit tablets-cols_inherit mobiles-cols_1 valign_top type_default stacking_default\"><div class=\"wpb_column vc_column_container\"><div class=\"vc_column-inner\"><div class=\"wpb_text_column\"><div class=\"wpb_wrapper\"><p>Falcotex s.r.l. instaura e promuove relazioni esemplari con tutti i suoi partner commerciali fondate su principi di responsabilit\u00e0, equit\u00e0, integrit\u00e0 e inclusione, siano esse adottate nella conduzione degli affari o nelle ordinarie attivit\u00e0 aziendali. Queste devono essere assunte da tutti i suoi esponenti, dipendenti, collaboratori, soci e amministratori in ogni accezione. Questa \u00e8 la direzione che seguiamo e l&#8217;obbiettivo che ci siamo posti: assicurare la condivisione di una serie di regole, pratiche e principi volti a <strong>migliorare gli standard di lavoro, la responsabilit\u00e0 sociale, la tutela dell&#8217;ambiente, l&#8217;etica e l&#8217;integrit\u00e0 aziendale<\/strong>.<\/p>\n<\/div><\/div><\/div><\/div><\/div><\/div><\/section><section class=\"l-section wpb_row height_medium color_primary\"><div class=\"l-section-h i-cf\"><div class=\"g-cols vc_row via_grid cols_2 laptops-cols_inherit tablets-cols_inherit mobiles-cols_1 valign_top type_default stacking_default\"><div class=\"wpb_column vc_column_container\"><div class=\"vc_column-inner\"><div class=\"wpb_text_column\"><div class=\"wpb_wrapper\"><h2>Governance e integrit\u00e0: il nostro Modello 231<\/h2>\n<h3>La conformit\u00e0 che crea fiducia<\/h3>\n<p>Falcotex adotta il Modello Organizzativo ai sensi del d.lgs 231\/2001 per dimostrare il nostro impegno verso correttezza, trasparenza e responsabilit\u00e0 nella gestione aziendale. Non \u00e8 un adempimento \u201cformale\u201d: \u00e8 un sistema di regole, controlli e pres\u00ecdi che tutela l\u2019azienda e genera fiducia per clienti, partner, collaboratori e territorio.<br \/>\nQuesto modello definisce ruoli, processi e comportamenti attesi, prevenendo i principali rischi di non conformit\u00e0 e promuovendo una cultura interna basata su integrit\u00e0 e rispetto delle regole.<\/p>\n<\/div><\/div><\/div><\/div><div class=\"wpb_column vc_column_container\"><div class=\"vc_column-inner\"><div class=\"w-separator size_small\"><\/div><div class=\"w-iconbox iconpos_left style_default color_custom align_left no_text\"><a target=\"_blank\" href=\"https:\/\/www.falcotex.com\/wp-content\/uploads\/2026\/03\/MOGC-FALCOTEX-Parte-Generale.pdf\" class=\"w-iconbox-link\" aria-label=\"MOGC &#8211; Parte Generale\"><div class=\"w-iconbox-icon\" style=\"font-size:2rem;--icon-color:#acc8d8;\"><i class=\"fas fa-file-pdf\"><\/i><\/div><\/a><div class=\"w-iconbox-meta\"><h3 class=\"w-iconbox-title\"><a target=\"_blank\" href=\"https:\/\/www.falcotex.com\/wp-content\/uploads\/2026\/03\/MOGC-FALCOTEX-Parte-Generale.pdf\" class=\"w-iconbox-link\" aria-label=\"MOGC &#8211; Parte Generale\">MOGC &#8211; Parte Generale<\/a><\/h3><\/div><\/div><div class=\"w-separator size_small\"><\/div><div class=\"w-iconbox iconpos_left style_default color_custom align_left no_text\"><a target=\"_blank\" href=\"https:\/\/www.falcotex.com\/wp-content\/uploads\/2026\/03\/MOGC-FALCOTEX-Reati-in-tema-di-sicurezza-sul-luogo-di-lavoro.pdf\" class=\"w-iconbox-link\" aria-label=\"Reati in tema di sicurezza sul luogo di lavoro\"><div class=\"w-iconbox-icon\" style=\"font-size:2rem;--icon-color:#acc8d8;\"><i class=\"fas fa-file-pdf\"><\/i><\/div><\/a><div class=\"w-iconbox-meta\"><h3 class=\"w-iconbox-title\"><a target=\"_blank\" href=\"https:\/\/www.falcotex.com\/wp-content\/uploads\/2026\/03\/MOGC-FALCOTEX-Reati-in-tema-di-sicurezza-sul-luogo-di-lavoro.pdf\" class=\"w-iconbox-link\" aria-label=\"Reati in tema di sicurezza sul luogo di lavoro\">Reati in tema di sicurezza sul luogo di lavoro<\/a><\/h3><\/div><\/div><div class=\"w-separator size_small\"><\/div><div class=\"w-iconbox iconpos_left style_default color_custom align_left no_text\"><a target=\"_blank\" href=\"https:\/\/www.falcotex.com\/wp-content\/uploads\/2026\/03\/MOGC-FALCOTEX-Codice-Etico-e-Comportamentale.pdf\" class=\"w-iconbox-link\" aria-label=\"Codice Etico e Comportamentale\"><div class=\"w-iconbox-icon\" style=\"font-size:2rem;--icon-color:#acc8d8;\"><i class=\"fas fa-file-pdf\"><\/i><\/div><\/a><div class=\"w-iconbox-meta\"><h3 class=\"w-iconbox-title\"><a target=\"_blank\" href=\"https:\/\/www.falcotex.com\/wp-content\/uploads\/2026\/03\/MOGC-FALCOTEX-Codice-Etico-e-Comportamentale.pdf\" class=\"w-iconbox-link\" aria-label=\"Codice Etico e Comportamentale\">Codice Etico e Comportamentale<\/a><\/h3><\/div><\/div><div class=\"w-separator size_small\"><\/div><div class=\"w-iconbox iconpos_left style_default color_custom align_left no_text\"><a target=\"_blank\" href=\"https:\/\/www.falcotex.com\/wp-content\/uploads\/2026\/03\/MOGC-FALCOTEX-Intermediazione-illecita-e-sfruttamento-manodopera.pdf\" class=\"w-iconbox-link\" aria-label=\"Intermediazione illecita e sfruttamento manodopera\"><div class=\"w-iconbox-icon\" style=\"font-size:2rem;--icon-color:#acc8d8;\"><i class=\"fas fa-file-pdf\"><\/i><\/div><\/a><div class=\"w-iconbox-meta\"><h3 class=\"w-iconbox-title\"><a target=\"_blank\" href=\"https:\/\/www.falcotex.com\/wp-content\/uploads\/2026\/03\/MOGC-FALCOTEX-Intermediazione-illecita-e-sfruttamento-manodopera.pdf\" class=\"w-iconbox-link\" aria-label=\"Intermediazione illecita e sfruttamento manodopera\">Intermediazione illecita e sfruttamento manodopera<\/a><\/h3><\/div><\/div><\/div><\/div><\/div><\/div><\/section><section class=\"l-section wpb_row height_medium color_secondary\"><div class=\"l-section-h i-cf\"><div class=\"g-cols vc_row via_grid cols_2 laptops-cols_inherit tablets-cols_inherit mobiles-cols_1 valign_top type_default reversed stacking_default\"><div class=\"wpb_column vc_column_container\"><div class=\"vc_column-inner\"><div class=\"wpb_text_column\"><div class=\"wpb_wrapper\"><h2>Tutti gli audit superati con successo<\/h2>\n<h3>100% conformit\u00e0. 100% trasparenza.<\/h3>\n<p>Nel corso degli anni, Falcotex ha superato con esito positivo il <strong>100% degli audit sociali e di conformit\u00e0<\/strong> richiesti dai propri clienti. Questo risultato \u00e8 il frutto di una cultura aziendale fondata su <strong>rigore etico, responsabilit\u00e0 sociale e attenzione continua agli standard internazionali<\/strong>.<br \/>\nSoddisfiamo ogni verifica con la massima collaborazione e trasparenza, dimostrando il nostro impegno concreto verso condizioni di lavoro eque, sicurezza dei dipendenti, rispetto dell&#8217;ambiente e integrit\u00e0 nei processi produttivi. <\/p>\n<\/div><\/div><\/div><\/div><div class=\"wpb_column vc_column_container\"><div class=\"vc_column-inner\"><div class=\"w-image align_none\"><div class=\"w-image-h\"><img decoding=\"async\" width=\"900\" height=\"900\" src=\"https:\/\/www.falcotex.com\/wp-content\/uploads\/2025\/05\/Pie-chart-Falcotex-100-per-cento.webp\" class=\"attachment-large size-large\" alt=\"Pie chart Falcotex 100 per cento\" loading=\"lazy\" srcset=\"https:\/\/www.falcotex.com\/wp-content\/uploads\/2025\/05\/Pie-chart-Falcotex-100-per-cento.webp 900w, https:\/\/www.falcotex.com\/wp-content\/uploads\/2025\/05\/Pie-chart-Falcotex-100-per-cento-300x300.webp 300w, https:\/\/www.falcotex.com\/wp-content\/uploads\/2025\/05\/Pie-chart-Falcotex-100-per-cento-150x150.webp 150w\" sizes=\"auto, (max-width: 900px) 100vw, 900px\" \/><\/div><\/div><\/div><\/div><\/div><\/div><\/section><section class=\"l-section wpb_row height_medium color_secondary\"><div class=\"l-section-h i-cf\"><div class=\"g-cols vc_row via_grid cols_3 laptops-cols_inherit tablets-cols_inherit mobiles-cols_1 valign_top type_default stacking_default\"><div class=\"wpb_column vc_column_container\"><div class=\"vc_column-inner\"><div class=\"w-counter color_custom align_center animation_none\" data-duration=\"2\" style=\"--w-counter-duration: 2s;\"><div class=\"w-counter-value\" aria-label=\"+100\" style=\"color:#acc8d8;\"><span class=\"w-counter-value-part final\" aria-hidden=\"true\">+100<\/span><span class=\"w-counter-value-part hidden type_text\" aria-hidden=\"true\" data-final=\"+\">+<\/span><span class=\"w-counter-value-part hidden type_number\" aria-hidden=\"true\" data-final=\"100\">50<\/span><span class=\"w-counter-value-part hidden type_text\" aria-hidden=\"true\" data-final><\/span><\/div><p class=\"w-counter-title\">documenti messi a disposizione degli auditor in tempo zero grazie al nostro portale personalizzato<\/p><\/div><\/div><\/div><div class=\"wpb_column vc_column_container\"><div class=\"vc_column-inner\"><div class=\"w-counter color_custom align_center animation_none\" data-duration=\"2\" style=\"--w-counter-duration: 2s;\"><div class=\"w-counter-value\" aria-label=\"+20\" style=\"color:#acc8d8;\"><span class=\"w-counter-value-part final\" aria-hidden=\"true\">+20<\/span><span class=\"w-counter-value-part hidden type_text\" aria-hidden=\"true\" data-final=\"+\">+<\/span><span class=\"w-counter-value-part hidden type_number\" aria-hidden=\"true\" data-final=\"20\">10<\/span><span class=\"w-counter-value-part hidden type_text\" aria-hidden=\"true\" data-final><\/span><\/div><p class=\"w-counter-title\">tra audit sociali o richieste documentali da parte dei nostri clienti ogni anno, puntualmente soddisfatte<\/p><\/div><\/div><\/div><div class=\"wpb_column vc_column_container\"><div class=\"vc_column-inner\"><div class=\"w-counter color_custom align_center animation_none\" data-duration=\"2\" style=\"--w-counter-duration: 2s;\"><div class=\"w-counter-value\" aria-label=\"0\" style=\"color:#acc8d8;\"><span class=\"w-counter-value-part final\" aria-hidden=\"true\">0<\/span><span class=\"w-counter-value-part hidden type_text\" aria-hidden=\"true\" data-final><\/span><span class=\"w-counter-value-part hidden type_number\" aria-hidden=\"true\" data-final=\"0\">0<\/span><span class=\"w-counter-value-part hidden type_text\" aria-hidden=\"true\" data-final><\/span><\/div><p class=\"w-counter-title\">le lettere inserite nella nostra cassetta dedicata ai reclami da parte dei dipendenti, dall&#8217;inizio della nostra attivit\u00e0<\/p><\/div><\/div><\/div><\/div><\/div><\/section><section class=\"l-section wpb_row height_medium color_secondary\"><div class=\"l-section-h i-cf\"><div class=\"g-cols vc_row via_grid cols_1 laptops-cols_inherit tablets-cols_inherit mobiles-cols_1 valign_top type_default stacking_default\"><div class=\"wpb_column vc_column_container\"><div class=\"vc_column-inner\"><div class=\"w-actionbox color_primary controls_right\"><div class=\"w-actionbox-text\"><h2 class=\"w-actionbox-title\">Codice di condotta<\/h2><div class=\"w-actionbox-description\"><p>Il nostro Codice di condotta definisce i principi etici e gli standard che guidano ogni nostra azione.<\/p>\n<\/div><\/div><div class=\"w-actionbox-controls\"><a class=\"w-btn us-btn-style_4\" target=\"_blank\" href=\"https:\/\/www.falcotex.com\/wp-content\/uploads\/2025\/05\/CODICE-DI-CONDOTTA-FALCOTEX.pdf\"><span class=\"w-btn-label\">Scarica il PDF<\/span><\/a><\/div><\/div><\/div><\/div><\/div><\/div><\/section><section class=\"l-section wpb_row height_medium color_primary\"><div class=\"l-section-h i-cf\"><div class=\"g-cols vc_row via_grid cols_2 laptops-cols_inherit tablets-cols_inherit mobiles-cols_1 valign_top type_default stacking_default\"><div class=\"wpb_column vc_column_container\"><div class=\"vc_column-inner\"><div class=\"wpb_text_column\"><div class=\"wpb_wrapper\"><h2>Verifica i nostri audit sulla piattaforma Sedex<\/h2>\n<h3>Accesso diretto ai nostri report, su richiesta.<\/h3>\n<p>Falcotex \u00e8 presente su <a href=\"https:\/\/www.sedex.com\/it\/\" target=\"_blank\" rel=\"noopener\"><strong>Sedex (Supplier Ethical Data Exchange)<\/strong><\/a>, una delle principali piattaforme internazionali per la condivisione di dati relativi a pratiche commerciali etiche e sostenibili.<br \/>\nSe la tua azienda \u00e8 iscritta a Sedex, puoi richiedere l&#8217;accesso ai nostri audit in tempo reale tramite invito. Compila il modulo: ti invieremo il codice aziendale necessario per consultare i nostri report direttamente sulla piattaforma. <\/p>\n<\/div><\/div><\/div><\/div><div class=\"wpb_column vc_column_container\"><div class=\"vc_column-inner\"><div class=\"wpb_text_column\"><div class=\"wpb_wrapper\">\n<div class=\"wpcf7 no-js\" id=\"wpcf7-f462-o1\" lang=\"it-IT\" dir=\"ltr\" data-wpcf7-id=\"462\">\n<div class=\"screen-reader-response\"><p role=\"status\" aria-live=\"polite\" aria-atomic=\"true\"><\/p> <ul><\/ul><\/div>\n<form action=\"\/it\/wp-json\/wp\/v2\/pages\/584#wpcf7-f462-o1\" method=\"post\" class=\"wpcf7-form init\" aria-label=\"Modulo di contatto\" novalidate=\"novalidate\" data-status=\"init\">\n<fieldset class=\"hidden-fields-container\"><input type=\"hidden\" name=\"_wpcf7\" value=\"462\" \/><input type=\"hidden\" name=\"_wpcf7_version\" value=\"6.1.5\" \/><input type=\"hidden\" name=\"_wpcf7_locale\" value=\"it_IT\" \/><input type=\"hidden\" name=\"_wpcf7_unit_tag\" value=\"wpcf7-f462-o1\" \/><input type=\"hidden\" name=\"_wpcf7_container_post\" value=\"0\" \/><input type=\"hidden\" name=\"_wpcf7_posted_data_hash\" value=\"\" \/>\n<\/fieldset>\n<div class=\"column one-second\">\n\t<p><label>Azienda<span class=\"wpcf7-form-control-wrap\" data-name=\"azienda\"><input size=\"40\" maxlength=\"400\" class=\"wpcf7-form-control wpcf7-text wpcf7-validates-as-required\" aria-required=\"true\" aria-invalid=\"false\" value=\"\" type=\"text\" name=\"azienda\" \/><\/span><\/label>\n\t<\/p>\n<\/div>\n<div class=\"column one-second\">\n\t<p><label>E-mail<span class=\"wpcf7-form-control-wrap\" data-name=\"email\"><input size=\"40\" maxlength=\"400\" class=\"wpcf7-form-control wpcf7-email wpcf7-validates-as-required wpcf7-text wpcf7-validates-as-email\" aria-required=\"true\" aria-invalid=\"false\" value=\"\" type=\"email\" name=\"email\" \/><\/span><\/label>\n\t<\/p>\n<\/div>\n<div class=\"column one\">\n\t<p><label>Messaggio<span class=\"wpcf7-form-control-wrap\" data-name=\"messaggio\"><textarea cols=\"40\" rows=\"10\" maxlength=\"2000\" class=\"wpcf7-form-control wpcf7-textarea\" aria-invalid=\"false\" name=\"messaggio\"><\/textarea><\/span><\/label><br \/>\n<span class=\"wpcf7-form-control-wrap\" data-name=\"privacy\"><span class=\"wpcf7-form-control wpcf7-acceptance\"><span class=\"wpcf7-list-item\"><label><input type=\"checkbox\" name=\"privacy\" value=\"1\" aria-invalid=\"false\" \/><span class=\"wpcf7-list-item-label\">Acconsento al trattamento dei miei dati secondo la <a href=\"\/it\/privacy-policy\/\">privacy policy<\/a><\/span><\/label><\/span><\/span><\/span><br \/>\n<input class=\"wpcf7-form-control wpcf7-submit has-spinner\" type=\"submit\" value=\"Richiedi codice Sedex\" \/>\n\t<\/p>\n<\/div><div class=\"wpcf7-response-output\" aria-hidden=\"true\"><\/div>\n<\/form>\n<\/div>\n\n<\/div><\/div><div class=\"w-separator size_small\"><\/div><\/div><\/div><\/div><\/div><\/section>\n","protected":false},"excerpt":{"rendered":"ComplianceFalcotex s.r.l. instaura e promuove relazioni esemplari con tutti i suoi partner commerciali fondate su principi di responsabilit\u00e0, equit\u00e0, integrit\u00e0 e inclusione, siano esse adottate nella conduzione degli affari o nelle ordinarie attivit\u00e0 aziendali. Queste devono essere assunte da tutti i suoi esponenti, dipendenti, collaboratori, soci e amministratori in ogni accezione. Questa \u00e8 la direzione...","protected":false},"author":1,"featured_media":0,"parent":0,"menu_order":0,"comment_status":"closed","ping_status":"closed","template":"","meta":{"_acf_changed":false,"footnotes":""},"class_list":["post-584","page","type-page","status-publish","hentry"],"acf":[],"yoast_head":"<!-- This site is optimized with the Yoast SEO plugin v27.4 - https:\/\/yoast.com\/product\/yoast-seo-wordpress\/ -->\n<title>Audit Etici e Trasparenza nella Moda | Falcotex<\/title>\n<meta name=\"description\" content=\"Falcotex ha superato il 100% degli audit etici indipendenti (SMETA Sedex). Scopri il nostro impegno per qualit\u00e0 e responsabilit\u00e0 sociale.\" \/>\n<meta name=\"robots\" content=\"index, follow, max-snippet:-1, max-image-preview:large, max-video-preview:-1\" \/>\n<link rel=\"canonical\" href=\"https:\/\/www.falcotex.com\/it\/compliance\/\" \/>\n<meta property=\"og:locale\" content=\"it_IT\" \/>\n<meta property=\"og:type\" content=\"article\" \/>\n<meta property=\"og:title\" content=\"Audit Etici e Trasparenza nella Moda | Falcotex\" \/>\n<meta property=\"og:description\" content=\"Falcotex ha superato il 100% degli audit etici indipendenti (SMETA Sedex). Scopri il nostro impegno per qualit\u00e0 e responsabilit\u00e0 sociale.\" \/>\n<meta property=\"og:url\" content=\"https:\/\/www.falcotex.com\/it\/compliance\/\" \/>\n<meta property=\"og:site_name\" content=\"Falcotex\" \/>\n<meta name=\"twitter:card\" content=\"summary_large_image\" \/>\n<meta name=\"twitter:label1\" content=\"Tempo di lettura stimato\" \/>\n\t<meta name=\"twitter:data1\" content=\"4 minuti\" \/>\n<script type=\"application\/ld+json\" class=\"yoast-schema-graph\">{\"@context\":\"https:\\\/\\\/schema.org\",\"@graph\":[{\"@type\":\"WebPage\",\"@id\":\"https:\\\/\\\/www.falcotex.com\\\/it\\\/compliance\\\/\",\"url\":\"https:\\\/\\\/www.falcotex.com\\\/it\\\/compliance\\\/\",\"name\":\"Audit Etici e Trasparenza nella Moda | Falcotex\",\"isPartOf\":{\"@id\":\"https:\\\/\\\/www.falcotex.com\\\/it\\\/#website\"},\"datePublished\":\"2026-03-05T11:07:56+00:00\",\"description\":\"Falcotex ha superato il 100% degli audit etici indipendenti (SMETA Sedex). Scopri il nostro impegno per qualit\u00e0 e responsabilit\u00e0 sociale.\",\"breadcrumb\":{\"@id\":\"https:\\\/\\\/www.falcotex.com\\\/it\\\/compliance\\\/#breadcrumb\"},\"inLanguage\":\"it-IT\",\"potentialAction\":[{\"@type\":\"ReadAction\",\"target\":[\"https:\\\/\\\/www.falcotex.com\\\/it\\\/compliance\\\/\"]}]},{\"@type\":\"BreadcrumbList\",\"@id\":\"https:\\\/\\\/www.falcotex.com\\\/it\\\/compliance\\\/#breadcrumb\",\"itemListElement\":[{\"@type\":\"ListItem\",\"position\":1,\"name\":\"Home\",\"item\":\"https:\\\/\\\/www.falcotex.com\\\/it\\\/\"},{\"@type\":\"ListItem\",\"position\":2,\"name\":\"Compliance\"}]},{\"@type\":\"WebSite\",\"@id\":\"https:\\\/\\\/www.falcotex.com\\\/it\\\/#website\",\"url\":\"https:\\\/\\\/www.falcotex.com\\\/it\\\/\",\"name\":\"Falcotex\",\"description\":\"\",\"publisher\":{\"@id\":\"https:\\\/\\\/www.falcotex.com\\\/it\\\/#organization\"},\"potentialAction\":[{\"@type\":\"SearchAction\",\"target\":{\"@type\":\"EntryPoint\",\"urlTemplate\":\"https:\\\/\\\/www.falcotex.com\\\/it\\\/?s={search_term_string}\"},\"query-input\":{\"@type\":\"PropertyValueSpecification\",\"valueRequired\":true,\"valueName\":\"search_term_string\"}}],\"inLanguage\":\"it-IT\"},{\"@type\":\"Organization\",\"@id\":\"https:\\\/\\\/www.falcotex.com\\\/it\\\/#organization\",\"name\":\"Falcotex\",\"url\":\"https:\\\/\\\/www.falcotex.com\\\/it\\\/\",\"logo\":{\"@type\":\"ImageObject\",\"inLanguage\":\"it-IT\",\"@id\":\"https:\\\/\\\/www.falcotex.com\\\/it\\\/#\\\/schema\\\/logo\\\/image\\\/\",\"url\":\"https:\\\/\\\/www.falcotex.com\\\/wp-content\\\/uploads\\\/2025\\\/05\\\/Logo-Falcotex_nero.webp\",\"contentUrl\":\"https:\\\/\\\/www.falcotex.com\\\/wp-content\\\/uploads\\\/2025\\\/05\\\/Logo-Falcotex_nero.webp\",\"width\":223,\"height\":50,\"caption\":\"Falcotex\"},\"image\":{\"@id\":\"https:\\\/\\\/www.falcotex.com\\\/it\\\/#\\\/schema\\\/logo\\\/image\\\/\"}}]}<\/script>\n<!-- \/ Yoast SEO plugin. -->","yoast_head_json":{"title":"Audit Etici e Trasparenza nella Moda | Falcotex","description":"Falcotex ha superato il 100% degli audit etici indipendenti (SMETA Sedex). Scopri il nostro impegno per qualit\u00e0 e responsabilit\u00e0 sociale.","robots":{"index":"index","follow":"follow","max-snippet":"max-snippet:-1","max-image-preview":"max-image-preview:large","max-video-preview":"max-video-preview:-1"},"canonical":"https:\/\/www.falcotex.com\/it\/compliance\/","og_locale":"it_IT","og_type":"article","og_title":"Audit Etici e Trasparenza nella Moda | Falcotex","og_description":"Falcotex ha superato il 100% degli audit etici indipendenti (SMETA Sedex). Scopri il nostro impegno per qualit\u00e0 e responsabilit\u00e0 sociale.","og_url":"https:\/\/www.falcotex.com\/it\/compliance\/","og_site_name":"Falcotex","twitter_card":"summary_large_image","twitter_misc":{"Tempo di lettura stimato":"4 minuti"},"schema":{"@context":"https:\/\/schema.org","@graph":[{"@type":"WebPage","@id":"https:\/\/www.falcotex.com\/it\/compliance\/","url":"https:\/\/www.falcotex.com\/it\/compliance\/","name":"Audit Etici e Trasparenza nella Moda | Falcotex","isPartOf":{"@id":"https:\/\/www.falcotex.com\/it\/#website"},"datePublished":"2026-03-05T11:07:56+00:00","description":"Falcotex ha superato il 100% degli audit etici indipendenti (SMETA Sedex). Scopri il nostro impegno per qualit\u00e0 e responsabilit\u00e0 sociale.","breadcrumb":{"@id":"https:\/\/www.falcotex.com\/it\/compliance\/#breadcrumb"},"inLanguage":"it-IT","potentialAction":[{"@type":"ReadAction","target":["https:\/\/www.falcotex.com\/it\/compliance\/"]}]},{"@type":"BreadcrumbList","@id":"https:\/\/www.falcotex.com\/it\/compliance\/#breadcrumb","itemListElement":[{"@type":"ListItem","position":1,"name":"Home","item":"https:\/\/www.falcotex.com\/it\/"},{"@type":"ListItem","position":2,"name":"Compliance"}]},{"@type":"WebSite","@id":"https:\/\/www.falcotex.com\/it\/#website","url":"https:\/\/www.falcotex.com\/it\/","name":"Falcotex","description":"","publisher":{"@id":"https:\/\/www.falcotex.com\/it\/#organization"},"potentialAction":[{"@type":"SearchAction","target":{"@type":"EntryPoint","urlTemplate":"https:\/\/www.falcotex.com\/it\/?s={search_term_string}"},"query-input":{"@type":"PropertyValueSpecification","valueRequired":true,"valueName":"search_term_string"}}],"inLanguage":"it-IT"},{"@type":"Organization","@id":"https:\/\/www.falcotex.com\/it\/#organization","name":"Falcotex","url":"https:\/\/www.falcotex.com\/it\/","logo":{"@type":"ImageObject","inLanguage":"it-IT","@id":"https:\/\/www.falcotex.com\/it\/#\/schema\/logo\/image\/","url":"https:\/\/www.falcotex.com\/wp-content\/uploads\/2025\/05\/Logo-Falcotex_nero.webp","contentUrl":"https:\/\/www.falcotex.com\/wp-content\/uploads\/2025\/05\/Logo-Falcotex_nero.webp","width":223,"height":50,"caption":"Falcotex"},"image":{"@id":"https:\/\/www.falcotex.com\/it\/#\/schema\/logo\/image\/"}}]}},"_links":{"self":[{"href":"https:\/\/www.falcotex.com\/it\/wp-json\/wp\/v2\/pages\/584","targetHints":{"allow":["GET"]}}],"collection":[{"href":"https:\/\/www.falcotex.com\/it\/wp-json\/wp\/v2\/pages"}],"about":[{"href":"https:\/\/www.falcotex.com\/it\/wp-json\/wp\/v2\/types\/page"}],"author":[{"embeddable":true,"href":"https:\/\/www.falcotex.com\/it\/wp-json\/wp\/v2\/users\/1"}],"replies":[{"embeddable":true,"href":"https:\/\/www.falcotex.com\/it\/wp-json\/wp\/v2\/comments?post=584"}],"version-history":[{"count":9,"href":"https:\/\/www.falcotex.com\/it\/wp-json\/wp\/v2\/pages\/584\/revisions"}],"predecessor-version":[{"id":605,"href":"https:\/\/www.falcotex.com\/it\/wp-json\/wp\/v2\/pages\/584\/revisions\/605"}],"wp:attachment":[{"href":"https:\/\/www.falcotex.com\/it\/wp-json\/wp\/v2\/media?parent=584"}],"curies":[{"name":"wp","href":"https:\/\/api.w.org\/{rel}","templated":true}]}}